{"id":2155,"date":"2023-06-15T10:02:44","date_gmt":"2023-06-15T10:02:44","guid":{"rendered":"https:\/\/labohemekabak.com\/region\/"},"modified":"2023-07-07T10:24:58","modified_gmt":"2023-07-07T10:24:58","slug":"region","status":"publish","type":"page","link":"https:\/\/labohemekabak.com\/en\/region\/","title":{"rendered":"Region"},"content":{"rendered":"\n<div class=\"wp-block-uagb-container uagb-block-9d3a679d alignfull uagb-is-root-container\">\n<div style=\"height:115px\" aria-hidden=\"true\" class=\"wp-block-spacer\"><\/div>\n\n\n\n<div class=\"wp-block-uagb-advanced-heading uagb-block-86faa555 basliklar\"><h2 class=\"uagb-heading-text\">Region<\/h2><\/div>\n\n\n\n<div style=\"height:69px\" aria-hidden=\"true\" class=\"wp-block-spacer\"><\/div>\n\n\n\n<p class=\"has-text-align-center has-ast-global-color-8-color has-text-color\">Scroll down<\/p>\n\n\n      \n\t\t\t<div class=\"uagb-icon-wrapper uagb-block-c8167249 okk \"\t>\n\t\t\t\t\t\t\t\t\t<span class=\"uagb-svg-wrapper\" \n\t\t\t\t\t aria-label=\"arrow-down\"\t\t\t\t\ttabindex=\"0\">\t\t\n\t\t\t\t\t\t\t\t\t\t<svg xmlns=\"https:\/\/www.w3.org\/2000\/svg\" viewBox= \"0 0 384 512\" role=\"graphics-symbol\" aria-hidden=\"false\" aria-label=\"\"><path d=\"M374.6 310.6l-160 160C208.4 476.9 200.2 480 192 480s-16.38-3.125-22.62-9.375l-160-160c-12.5-12.5-12.5-32.75 0-45.25s32.75-12.5 45.25 0L160 370.8V64c0-17.69 14.33-31.1 31.1-31.1S224 46.31 224 64v306.8l105.4-105.4c12.5-12.5 32.75-12.5 45.25 0S387.1 298.1 374.6 310.6z\"><\/path><\/svg>\n\t\t\t\t\t\t\t\t\t<\/span>\n\t\t\t\t\t\t\t<\/div>\n\t\t\t<\/div>\n\n<div style=\"margin-top:0;margin-bottom:0;height:58px\" aria-hidden=\"true\" class=\"wp-block-spacer\"><\/div>\n\n<div class=\"wp-block-uagb-container uagb-block-bf3f0e4f alignfull uagb-is-root-container\">\n<div class=\"wp-block-uagb-container uagb-block-b311031a\">\n<h2 class=\"wp-block-heading\">FETH\u0130YE<\/h2>\n\n\n\n<p>Fethiye district of Mu\u011fla is home to one of the rare regions where blue and green are intertwined. The population of this rare district, which has a population of approximately 170 thousand, is increasing exponentially during the holiday seasons. There are valid reasons for this! Fethiye; It contains the sea, forest, history and different cultures intertwined. It is possible to see every shade of blue in the sea and green in the forest. The region, which hosts many civilizations, is also a center of attraction with its historical places&#8230; The district, which is a city of Lycia known as the &#8220;land of light&#8221; in history; It welcomes the places that everyone should see with its sea, sand, bays, sun and forests.<\/p>\n<\/div>\n\n\n\n<div class=\"wp-block-uagb-image alignright uagb-block-b3aa23ff wp-block-uagb-image--layout-default wp-block-uagb-image--effect-static wp-block-uagb-image--align-right konsept-1\"><figure class=\"wp-block-uagb-image__figure\"><img decoding=\"async\" srcset=\"https:\/\/labohemekabak.com\/wp-content\/uploads\/2023\/06\/bolge2-1-1024x597.jpeg \" sizes=\"auto, (max-width: 480px) 150px\" src=\"https:\/\/labohemekabak.com\/wp-content\/uploads\/2023\/06\/bolge2-1-1024x597.jpeg\" alt=\"\" class=\"uag-image-1562\" width=\"1024\" height=\"597\" title=\"\" loading=\"lazy\"\/><\/figure><\/div>\n<\/div>\n\n<div style=\"margin-top:0;margin-bottom:0;height:100px\" aria-hidden=\"true\" class=\"wp-block-spacer\"><\/div>\n\n<div class=\"wp-block-uagb-container uagb-block-1940a3d1 alignfull uagb-is-root-container\">\n<div class=\"wp-block-uagb-container uagb-block-a9ba5dea\">\n<div class=\"wp-block-uagb-image alignleft uagb-block-19392940 wp-block-uagb-image--layout-default wp-block-uagb-image--effect-static wp-block-uagb-image--align-left konsept-1\"><figure class=\"wp-block-uagb-image__figure\"><img decoding=\"async\" srcset=\"https:\/\/labohemekabak.com\/wp-content\/uploads\/2023\/06\/bolge-3-1.jpeg \" sizes=\"auto, (max-width: 480px) 150px\" src=\"https:\/\/labohemekabak.com\/wp-content\/uploads\/2023\/06\/bolge-3-1.jpeg\" alt=\"\" class=\"uag-image-1561\" width=\"1024\" height=\"680\" title=\"\" loading=\"lazy\"\/><\/figure><\/div>\n<\/div>\n\n\n\n<div class=\"wp-block-uagb-container uagb-block-984a5b84\">\n<div class=\"wp-block-uagb-advanced-heading uagb-block-1be28113\"><h2 class=\"uagb-heading-text\">DEAD SEA NATURE PARKS<\/h2><\/div>\n\n\n\n<p class=\"has-text-align-right\">\u00d6l\u00fcdeniz Nature Park is also known as &#8220;K\u0131drak Nature Park&#8221;. It has an area of about a thousand hectares. The park, which has a daily capacity of 5 thousand visitors, is among the places to visit in Fethiye with its flora richness. \u00d6l\u00fcdeniz Nature Park, which is a natural protected area, has forests and sea, as well as beaches, cliffs and archaeological remains. The sea, which has a coast to the park area, offers a favorable environment especially for water sports. This park, which has unique features with its view, virgin flora and fauna, is one of the attractions that those who come to Fethiye do not enter without seeing it. The park is 16 kilometers away from Fethiye center. \u00d6l\u00fcdeniz beach, one of the most famous beaches in the world, is also located within the boundaries of the park. Belcekiz Beach in the region is also one of the places where local and foreign tourists do not pass without stopping by.<\/p>\n<\/div>\n<\/div>\n\n<div style=\"margin-top:0;margin-bottom:0;height:100px\" aria-hidden=\"true\" class=\"wp-block-spacer\"><\/div>\n\n<div class=\"wp-block-uagb-container uagb-block-f83fc128 alignfull uagb-is-root-container\">\n<div class=\"wp-block-uagb-container uagb-block-3e41bb81\">\n<h2 class=\"wp-block-heading\">CALIS BEACH<\/h2>\n\n\n\n<p>Calis Beach, which is among the most popular beaches in Turkey, is one of the spawning areas of caretta caretta turtles. The beach, which is about 4 kilometers long, has views of Knight Island and Red Crescent. The popularity of the beach has also led to an increase in workplaces. Today, there are dozens of restaurants and accommodation facilities around the beach. \u00c7al\u0131\u015f Beach, which is definitely visited by those who want to enjoy the sea, sand and sun in Fethiye, has become a center of attraction with its light breeze in the summer months. One of the best places to watch the sunset in the district is this beach. The beach can be reached in 5-10 minutes on foot from the district center. Due to its convenient structure, many water sports activities are carried out in the sea that dominates the beach.<\/p>\n<\/div>\n\n\n\n<div class=\"wp-block-uagb-image alignright uagb-block-9836bfa9 wp-block-uagb-image--layout-default wp-block-uagb-image--effect-static wp-block-uagb-image--align-right konsept-1\"><figure class=\"wp-block-uagb-image__figure\"><img decoding=\"async\" srcset=\"https:\/\/labohemekabak.com\/wp-content\/uploads\/2023\/06\/bolge-4-1-1024x543.jpg \" sizes=\"auto, (max-width: 480px) 150px\" src=\"https:\/\/labohemekabak.com\/wp-content\/uploads\/2023\/06\/bolge-4-1-1024x543.jpg\" alt=\"\" class=\"uag-image-1558\" width=\"1024\" height=\"543\" title=\"\" loading=\"lazy\"\/><\/figure><\/div>\n<\/div>\n\n<div style=\"margin-top:0;margin-bottom:0;height:100px\" aria-hidden=\"true\" class=\"wp-block-spacer\"><\/div>\n\n<div class=\"wp-block-uagb-container uagb-block-25ed06b7 alignfull uagb-is-root-container\">\n<div class=\"wp-block-uagb-container uagb-block-318781e4\">\n<div class=\"wp-block-uagb-image alignleft uagb-block-b097c112 wp-block-uagb-image--layout-default wp-block-uagb-image--effect-static wp-block-uagb-image--align-left konsept-1\"><figure class=\"wp-block-uagb-image__figure\"><img decoding=\"async\" srcset=\"https:\/\/labohemekabak.com\/wp-content\/uploads\/2023\/06\/bolge-5-1-1024x683.jpeg \" sizes=\"auto, (max-width: 480px) 150px\" src=\"https:\/\/labohemekabak.com\/wp-content\/uploads\/2023\/06\/bolge-5-1-1024x683.jpeg\" alt=\"\" class=\"uag-image-1560\" width=\"1024\" height=\"683\" title=\"\" loading=\"lazy\"\/><\/figure><\/div>\n<\/div>\n\n\n\n<div class=\"wp-block-uagb-container uagb-block-a0f4f34b\">\n<div class=\"wp-block-uagb-advanced-heading uagb-block-04a3df30\"><h2 class=\"uagb-heading-text\">GOCEK<\/h2><\/div>\n\n\n\n<p class=\"has-text-align-right\">Gocek is about 30 kilometers away from Fethiye. G\u00f6cek, which hosts world-famous beaches and unique bays, is also one of the centers of yacht tourism. The region, which has become frequented by local and foreign luxury yachts, is one of the must-see places with its fish restaurants, unique view and bays where green meets blue. The region, known as the gateway of the Aegean to the Mediterranean, is also frequented by blue tours. There are six international marinas in the town. With its islands and bays located in a sheltered bay, G\u00f6cek makes an important contribution to the development of yacht tourism.<\/p>\n<\/div>\n<\/div>\n\n<div style=\"margin-top:0;margin-bottom:0;height:100px\" aria-hidden=\"true\" class=\"wp-block-spacer\"><\/div>\n\n<div class=\"wp-block-uagb-container uagb-block-a7edba2c alignfull uagb-is-root-container\">\n<div class=\"wp-block-uagb-container uagb-block-8e63f6ce\">\n<h2 class=\"wp-block-heading\">VALLEY OF BUTTERFLIES<\/h2>\n\n\n\n<p>Butterfly Valley, one of the paradise corners of Fethiye with its unique flora, fauna and natural texture, is a narrow and long valley. There are 350-meter elevations in the valley, which is a bay at the foot of Babada\u011f, which is declared as one of the 100 mountains that should be protected by the World Heritage Preservation Foundation. There is also a camping area in the valley, which can be reached by boats from \u00d6l\u00fcdeniz. The Butterfly Valley, which contains every shade of green and blue, is home to about 80 different butterfly species. It takes its name from these butterflies. The most famous guest of the valley on the outskirts of Babada\u011f is the Tiger Butterfly. The valley, which contains different living and plant species, is also referred to as the &#8216;hidden paradise&#8217;. With its fifty-meter waterfall, accommodation, food and beverage places, nature activities and sea, those who come to Butterfly Valley, Fethiye are definitely one of the places they visit.<\/p>\n<\/div>\n\n\n\n<div class=\"wp-block-uagb-image alignright uagb-block-96570c26 wp-block-uagb-image--layout-default wp-block-uagb-image--effect-static wp-block-uagb-image--align-right konsept-1\"><figure class=\"wp-block-uagb-image__figure\"><img decoding=\"async\" srcset=\"https:\/\/labohemekabak.com\/wp-content\/uploads\/2023\/06\/bolge-6-1-1024x768.jpg \" sizes=\"auto, (max-width: 480px) 150px\" src=\"https:\/\/labohemekabak.com\/wp-content\/uploads\/2023\/06\/bolge-6-1-1024x768.jpg\" alt=\"\" class=\"uag-image-1559\" width=\"1024\" height=\"768\" title=\"\" loading=\"lazy\"\/><\/figure><\/div>\n<\/div>\n\n<div style=\"margin-top:0;margin-bottom:0;height:100px\" aria-hidden=\"true\" class=\"wp-block-spacer\"><\/div>\n\n<div class=\"wp-block-uagb-container uagb-block-429de395 alignfull uagb-is-root-container\"><div class=\"uagb-container-inner-blocks-wrap\">\n<div class=\"wp-block-uagb-advanced-heading uagb-block-65f0b1ba\"><h2 class=\"uagb-heading-text\">With La Boheme Kabak <br\/>Plan an Unforgettable Vacation!<\/h2><p class=\"uagb-desc-text\">If you provide more information, we can help make your vacation and accommodation even better.<\/p><\/div>\n\n\n\n<div class=\"wp-block-uagb-advanced-heading uagb-block-8557ea77\"><p class=\"uagb-desc-text\">rezervation now!<\/p><\/div>\n\n\n\n<div class=\"wp-block-uagb-icon-list uagb-block-b81d8e4f\"><div class=\"uagb-icon-list__wrap\">\n<div class=\"wp-block-uagb-icon-list-child uagb-block-85453228\"><a target=\"_self\" aria-label=\"+90 533 413 25 25\" rel=\"noopener noreferrer\" href=\"tel:+905334132525\"> <\/a><span class=\"uagb-icon-list__source-wrap\"><svg xmlns=\"https:\/\/www.w3.org\/2000\/svg\" viewbox=\"0 0 512 512\"><path d=\"M511.2 387l-23.25 100.8c-3.266 14.25-15.79 24.22-30.46 24.22C205.2 512 0 306.8 0 54.5c0-14.66 9.969-27.2 24.22-30.45l100.8-23.25C139.7-2.602 154.7 5.018 160.8 18.92l46.52 108.5c5.438 12.78 1.77 27.67-8.98 36.45L144.5 207.1c33.98 69.22 90.26 125.5 159.5 159.5l44.08-53.8c8.688-10.78 23.69-14.51 36.47-8.975l108.5 46.51C506.1 357.2 514.6 372.4 511.2 387z\"><\/path><\/svg><\/span><span class=\"uagb-icon-list__label\">+90 533 413 25 25<\/span><\/div>\n<\/div><\/div>\n<\/div><\/div>\n\n<div class=\"wp-block-uagb-container uagb-block-7c4087b7 alignfull uagb-is-root-container\"><div class=\"uagb-container-inner-blocks-wrap\"><\/div><\/div>\n","protected":false},"excerpt":{"rendered":"<p>Region Scroll down FETH\u0130YE Fethiye district of Mu\u011fla is home to one of the rare regions where blue and green are intertwined. The population of this rare district, which has a population of approximately 170 thousand, is increasing exponentially during the holiday seasons. There are valid reasons for this! Fethiye; It contains the sea, forest, &hellip;<\/p>\n<p class=\"read-more\"> <a class=\"\" href=\"https:\/\/labohemekabak.com\/en\/region\/\"> <span class=\"screen-reader-text\">Region<\/span> Read More &raquo;<\/a><\/p>\n","protected":false},"author":2,"featured_media":0,"parent":0,"menu_order":0,"comment_status":"closed","ping_status":"closed","template":"","meta":{"_uag_custom_page_level_css":"","site-sidebar-layout":"no-sidebar","site-content-layout":"plain-container","ast-global-header-display":"","ast-banner-title-visibility":"","ast-main-header-display":"","ast-hfb-above-header-display":"","ast-hfb-below-header-display":"","ast-hfb-mobile-header-display":"","site-post-title":"disabled","ast-breadcrumbs-content":"","ast-featured-img":"disabled","footer-sml-layout":"","theme-transparent-header-meta":"enabled","adv-header-id-meta":"","stick-header-meta":"","header-above-stick-meta":"","header-main-stick-meta":"","header-below-stick-meta":"","_themeisle_gutenberg_block_has_review":false,"footnotes":""},"class_list":["post-2155","page","type-page","status-publish","hentry"],"uagb_featured_image_src":{"full":false,"thumbnail":false,"medium":false,"medium_large":false,"large":false,"1536x1536":false,"2048x2048":false},"uagb_author_info":{"display_name":"admin","author_link":"https:\/\/labohemekabak.com\/en\/author\/admin-2\/"},"uagb_comment_info":0,"uagb_excerpt":"Region Scroll down FETH\u0130YE Fethiye district of Mu\u011fla is home to one of the rare regions where blue and green are intertwined. The population of this rare district, which has a population of approximately 170 thousand, is increasing exponentially during the holiday seasons. There are valid reasons for this! Fethiye; It contains the sea, forest,&hellip;","_links":{"self":[{"href":"https:\/\/labohemekabak.com\/en\/wp-json\/wp\/v2\/pages\/2155","targetHints":{"allow":["GET"]}}],"collection":[{"href":"https:\/\/labohemekabak.com\/en\/wp-json\/wp\/v2\/pages"}],"about":[{"href":"https:\/\/labohemekabak.com\/en\/wp-json\/wp\/v2\/types\/page"}],"author":[{"embeddable":true,"href":"https:\/\/labohemekabak.com\/en\/wp-json\/wp\/v2\/users\/2"}],"replies":[{"embeddable":true,"href":"https:\/\/labohemekabak.com\/en\/wp-json\/wp\/v2\/comments?post=2155"}],"version-history":[{"count":1,"href":"https:\/\/labohemekabak.com\/en\/wp-json\/wp\/v2\/pages\/2155\/revisions"}],"predecessor-version":[{"id":2156,"href":"https:\/\/labohemekabak.com\/en\/wp-json\/wp\/v2\/pages\/2155\/revisions\/2156"}],"wp:attachment":[{"href":"https:\/\/labohemekabak.com\/en\/wp-json\/wp\/v2\/media?parent=2155"}],"curies":[{"name":"wp","href":"https:\/\/api.w.org\/{rel}","templated":true}]}}