{"id":1927,"date":"2023-06-15T09:37:01","date_gmt":"2023-06-15T09:37:01","guid":{"rendered":"https:\/\/labohemekabak.com\/activities\/"},"modified":"2023-06-27T14:29:16","modified_gmt":"2023-06-27T14:29:16","slug":"activities","status":"publish","type":"page","link":"https:\/\/labohemekabak.com\/en\/activities\/","title":{"rendered":"Activities"},"content":{"rendered":"\n<div class=\"wp-block-uagb-container uagb-block-e35fa649 alignfull uagb-is-root-container\">\n<div style=\"height:134px\" aria-hidden=\"true\" class=\"wp-block-spacer\"><\/div>\n\n\n\n<div style=\"height:69px\" aria-hidden=\"true\" class=\"wp-block-spacer\"><\/div>\n\n\n\n<div class=\"wp-block-uagb-advanced-heading uagb-block-d16508f1 basliklar\"><h2 class=\"uagb-heading-text\">Activities<\/h2><\/div>\n\n\n\n<p class=\"has-text-align-center has-ast-global-color-8-color has-text-color\">Scroll down<\/p>\n\n\n      \n\t\t\t<div class=\"uagb-icon-wrapper uagb-block-cff7d227 okk \"\t>\n\t\t\t\t\t\t\t\t\t<span class=\"uagb-svg-wrapper\" \n\t\t\t\t\t aria-label=\"arrow-down\"\t\t\t\t\ttabindex=\"0\">\t\t\n\t\t\t\t\t\t\t\t\t\t<svg xmlns=\"https:\/\/www.w3.org\/2000\/svg\" viewBox= \"0 0 384 512\" role=\"graphics-symbol\" aria-hidden=\"false\" aria-label=\"\"><path d=\"M374.6 310.6l-160 160C208.4 476.9 200.2 480 192 480s-16.38-3.125-22.62-9.375l-160-160c-12.5-12.5-12.5-32.75 0-45.25s32.75-12.5 45.25 0L160 370.8V64c0-17.69 14.33-31.1 31.1-31.1S224 46.31 224 64v306.8l105.4-105.4c12.5-12.5 32.75-12.5 45.25 0S387.1 298.1 374.6 310.6z\"><\/path><\/svg>\n\t\t\t\t\t\t\t\t\t<\/span>\n\t\t\t\t\t\t\t<\/div>\n\t\t\t<\/div>\n\n<div style=\"margin-top:0;margin-bottom:0;height:58px\" aria-hidden=\"true\" class=\"wp-block-spacer\"><\/div>\n\n<div class=\"wp-block-uagb-container uagb-block-1bf3cf86 alignfull uagb-is-root-container\">\n<div class=\"wp-block-uagb-container uagb-block-74f4e41b\">\n<h2 class=\"wp-block-heading\">YOGA PLATFORM<\/h2>\n\n\n\n<p>Our yoga platform, surrounded by trees and offering a magnificent view, will make you want to spend hours here! Whether you&#8217;re doing exercises or practicing meditation, our yoga platform will enchant you.<\/p>\n<\/div>\n\n\n\n<div class=\"wp-block-uagb-image alignright uagb-block-3c5b0583 wp-block-uagb-image--layout-default wp-block-uagb-image--effect-static wp-block-uagb-image--align-right konsept-1\"><figure class=\"wp-block-uagb-image__figure\"><img decoding=\"async\" srcset=\"https:\/\/labohemekabak.com\/wp-content\/uploads\/2023\/06\/aktivite-1-1024x683.jpg \" sizes=\"auto, (max-width: 480px) 150px\" src=\"https:\/\/labohemekabak.com\/wp-content\/uploads\/2023\/06\/aktivite-1-1024x683.jpg\" alt=\"\" class=\"uag-image-1517\" width=\"1024\" height=\"683\" title=\"\" loading=\"lazy\"\/><\/figure><\/div>\n<\/div>\n\n<div style=\"margin-top:0;margin-bottom:0;height:100px\" aria-hidden=\"true\" class=\"wp-block-spacer\"><\/div>\n\n<div class=\"wp-block-uagb-container uagb-block-932ffc87 alignfull uagb-is-root-container\">\n<div class=\"wp-block-uagb-container uagb-block-21e47330\">\n<div class=\"wp-block-uagb-image alignleft uagb-block-edde6460 wp-block-uagb-image--layout-default wp-block-uagb-image--effect-static wp-block-uagb-image--align-left konsept-1\"><figure class=\"wp-block-uagb-image__figure\"><img decoding=\"async\" srcset=\"https:\/\/labohemekabak.com\/wp-content\/uploads\/2023\/06\/aktivite-2-1024x680.jpg \" sizes=\"auto, (max-width: 480px) 150px\" src=\"https:\/\/labohemekabak.com\/wp-content\/uploads\/2023\/06\/aktivite-2-1024x680.jpg\" alt=\"\" class=\"uag-image-1516\" width=\"1024\" height=\"680\" title=\"\" loading=\"lazy\"\/><\/figure><\/div>\n<\/div>\n\n\n\n<div class=\"wp-block-uagb-container uagb-block-b92e1a71\">\n<div class=\"wp-block-uagb-advanced-heading uagb-block-abd6bb59\"><h2 class=\"uagb-heading-text\">FULL MOON PARTIES<\/h2><\/div>\n\n\n\n<p class=\"has-text-align-right\">As the sun sets, La Boheme Kabak becomes even more enchanting. Our Full Moon Parties await you to embrace this beauty on nights when the moon is unbelievably stunning and the stars are more prominent than you&#8217;ve ever seen before.<\/p>\n<\/div>\n<\/div>\n\n<div style=\"margin-top:0;margin-bottom:0;height:100px\" aria-hidden=\"true\" class=\"wp-block-spacer\"><\/div>\n\n<div class=\"wp-block-uagb-container uagb-block-0e2f4895 alignfull uagb-is-root-container\">\n<div class=\"wp-block-uagb-container uagb-block-3e7f0478\">\n<h2 class=\"wp-block-heading\">BOAT TOUR<\/h2>\n\n\n\n<p>When it comes to places to visit in Fethiye, a 12 Islands boat tour is a must! One of the most beautiful and logical activities to experience the unique sea views of Fethiye is the 12 Islands boat tour. This island tour starts from Fethiye Marina. Afterwards, the tour visits Turun\u00e7 P\u0131nar\u0131 Cove, Kuleli Cove, Tav\u015fan Island, K\u0131z\u0131lada, Samanl\u0131k Cove, \u015e\u00f6valye Island, Yass\u0131ca Islands, G\u00f6cek Island, Tersane Island, and Bedri Rahmi Cove. It is possible to see the most beautiful bays and islands of Fethiye on this tour. The route of the tour can vary depending on the weather conditions. The tour lasts approximately 8 hours. During this time, you can have enjoyable and fun moments on the 12 Islands boat tour.<\/p>\n<\/div>\n\n\n\n<div class=\"wp-block-uagb-image alignright uagb-block-727112ca wp-block-uagb-image--layout-default wp-block-uagb-image--effect-static wp-block-uagb-image--align-right konsept-1\"><figure class=\"wp-block-uagb-image__figure\"><img decoding=\"async\" srcset=\"https:\/\/labohemekabak.com\/wp-content\/uploads\/2023\/06\/486_oludeniz-fethiye-12-adalar-tekne-turu-1.jpg \" sizes=\"auto, (max-width: 480px) 150px\" src=\"https:\/\/labohemekabak.com\/wp-content\/uploads\/2023\/06\/486_oludeniz-fethiye-12-adalar-tekne-turu-1.jpg\" alt=\"\" class=\"uag-image-1519\" width=\"1024\" height=\"683\" title=\"\" loading=\"lazy\"\/><\/figure><\/div>\n<\/div>\n\n<div style=\"margin-top:0;margin-bottom:0;height:100px\" aria-hidden=\"true\" class=\"wp-block-spacer\"><\/div>\n\n<div class=\"wp-block-uagb-container uagb-block-beadb35e alignfull uagb-is-root-container\">\n<div class=\"wp-block-uagb-container uagb-block-587a3dd1\">\n<div class=\"wp-block-uagb-image alignleft uagb-block-a8633c54 wp-block-uagb-image--layout-default wp-block-uagb-image--effect-static wp-block-uagb-image--align-left konsept-1\"><figure class=\"wp-block-uagb-image__figure\"><img decoding=\"async\" srcset=\"https:\/\/labohemekabak.com\/wp-content\/uploads\/2023\/06\/aktivite-3-1024x652.jpg \" sizes=\"auto, (max-width: 480px) 150px\" src=\"https:\/\/labohemekabak.com\/wp-content\/uploads\/2023\/06\/aktivite-3-1024x652.jpg\" alt=\"\" class=\"uag-image-1515\" width=\"1024\" height=\"652\" title=\"\" loading=\"lazy\"\/><\/figure><\/div>\n<\/div>\n\n\n\n<div class=\"wp-block-uagb-container uagb-block-02668172\">\n<div class=\"wp-block-uagb-advanced-heading uagb-block-ab856c81\"><h2 class=\"uagb-heading-text\">PARAGLIDING IN \u00d6L\u00dcDENIZ<\/h2><\/div>\n\n\n\n<p class=\"has-text-align-right\">With its breathtaking panoramic views and stable weather conditions at an altitude of 6500 ft (1960m), the launch site for paragliding from Babada\u011f Mountain in \u00d6l\u00fcdeniz, Turkey, is considered one of the best in Turkey and Europe. During the Babada\u011f paragliding experience in \u00d6l\u00fcdeniz, you will encounter thrilling 360-degree turns, wing transitions, and even thermal updrafts that can prolong your flight. Contrary to popular belief, paragliding in \u00d6l\u00fcdeniz, Fethiye is not just about jumping from a 2-kilometer height; it involves taking a few steps to ascend into the sky. Descending to \u00d6l\u00fcdeniz Beach is as easy as taking off from Babada\u011f \u2013 it&#8217;s not a fast descent, but rather a gentle landing.<\/p>\n<\/div>\n<\/div>\n\n<div style=\"margin-top:0;margin-bottom:0;height:100px\" aria-hidden=\"true\" class=\"wp-block-spacer\"><\/div>\n\n<div class=\"wp-block-uagb-container uagb-block-270d333b alignfull uagb-is-root-container\">\n<div class=\"wp-block-uagb-container uagb-block-8917a5cb\">\n<h2 class=\"wp-block-heading\">LYCIAN WAY TREK<\/h2>\n\n\n\n<p>The Ancient Lycian Way extends from Fethiye to Mu\u011fla. It is possible to see some of Turkey&#8217;s most beautiful landscapes along the 535-kilometer-long trail. The popular hiking route, Lycian Way, is listed among the &#8220;Top 10 Long-Distance Hiking Trails in the World.&#8221;<\/p>\n<\/div>\n\n\n\n<div class=\"wp-block-uagb-image alignright uagb-block-9aed60a4 wp-block-uagb-image--layout-default wp-block-uagb-image--effect-static wp-block-uagb-image--align-right konsept-1\"><figure class=\"wp-block-uagb-image__figure\"><img decoding=\"async\" srcset=\"https:\/\/labohemekabak.com\/wp-content\/uploads\/2023\/06\/deepnature-549-1615573356-1.jpg \" sizes=\"auto, (max-width: 480px) 150px\" src=\"https:\/\/labohemekabak.com\/wp-content\/uploads\/2023\/06\/deepnature-549-1615573356-1.jpg\" alt=\"\" class=\"uag-image-1518\" width=\"1024\" height=\"683\" title=\"\" loading=\"lazy\"\/><\/figure><\/div>\n<\/div>\n\n<div style=\"margin-top:0;margin-bottom:0;height:100px\" aria-hidden=\"true\" class=\"wp-block-spacer\"><\/div>\n\n<div class=\"wp-block-uagb-container uagb-block-572f49a5 alignfull uagb-is-root-container\"><div class=\"uagb-container-inner-blocks-wrap\">\n<div class=\"wp-block-uagb-advanced-heading uagb-block-5c0b9664\"><h2 class=\"uagb-heading-text\">With La Boheme Kabak <br\/>Plan an Unforgettable Vacation!<\/h2><p class=\"uagb-desc-text\">If you provide more information, we can help make your vacation and accommodation even better.<\/p><\/div>\n\n\n\n<div class=\"wp-block-uagb-advanced-heading uagb-block-5e84b63e\"><p class=\"uagb-desc-text\">rezervation now!<\/p><\/div>\n\n\n\n<div class=\"wp-block-uagb-icon-list uagb-block-97f226ed\"><div class=\"uagb-icon-list__wrap\">\n<div class=\"wp-block-uagb-icon-list-child uagb-block-ed24660c\"><a target=\"_self\" aria-label=\"+90 533 413 25 25\" rel=\"noopener noreferrer\" href=\"tel:+905334132525\"> <\/a><span class=\"uagb-icon-list__source-wrap\"><svg xmlns=\"https:\/\/www.w3.org\/2000\/svg\" viewbox=\"0 0 512 512\"><path d=\"M511.2 387l-23.25 100.8c-3.266 14.25-15.79 24.22-30.46 24.22C205.2 512 0 306.8 0 54.5c0-14.66 9.969-27.2 24.22-30.45l100.8-23.25C139.7-2.602 154.7 5.018 160.8 18.92l46.52 108.5c5.438 12.78 1.77 27.67-8.98 36.45L144.5 207.1c33.98 69.22 90.26 125.5 159.5 159.5l44.08-53.8c8.688-10.78 23.69-14.51 36.47-8.975l108.5 46.51C506.1 357.2 514.6 372.4 511.2 387z\"><\/path><\/svg><\/span><span class=\"uagb-icon-list__label\">+90 533 413 25 25<\/span><\/div>\n<\/div><\/div>\n<\/div><\/div>\n\n<div class=\"wp-block-uagb-container uagb-block-c26dfa2d alignfull uagb-is-root-container\"><div class=\"uagb-container-inner-blocks-wrap\"><\/div><\/div>\n","protected":false},"excerpt":{"rendered":"<p>Activities Scroll down YOGA PLATFORM Our yoga platform, surrounded by trees and offering a magnificent view, will make you want to spend hours here! Whether you&#8217;re doing exercises or practicing meditation, our yoga platform will enchant you. FULL MOON PARTIES As the sun sets, La Boheme Kabak becomes even more enchanting. Our Full Moon Parties &hellip;<\/p>\n<p class=\"read-more\"> <a class=\"\" href=\"https:\/\/labohemekabak.com\/en\/activities\/\"> <span class=\"screen-reader-text\">Activities<\/span> Read More &raquo;<\/a><\/p>\n","protected":false},"author":2,"featured_media":0,"parent":0,"menu_order":0,"comment_status":"closed","ping_status":"closed","template":"","meta":{"_uag_custom_page_level_css":"","site-sidebar-layout":"no-sidebar","site-content-layout":"plain-container","ast-global-header-display":"","ast-banner-title-visibility":"","ast-main-header-display":"","ast-hfb-above-header-display":"","ast-hfb-below-header-display":"","ast-hfb-mobile-header-display":"","site-post-title":"disabled","ast-breadcrumbs-content":"","ast-featured-img":"disabled","footer-sml-layout":"","theme-transparent-header-meta":"enabled","adv-header-id-meta":"","stick-header-meta":"","header-above-stick-meta":"","header-main-stick-meta":"","header-below-stick-meta":"","_themeisle_gutenberg_block_has_review":false,"footnotes":""},"class_list":["post-1927","page","type-page","status-publish","hentry"],"uagb_featured_image_src":{"full":false,"thumbnail":false,"medium":false,"medium_large":false,"large":false,"1536x1536":false,"2048x2048":false},"uagb_author_info":{"display_name":"admin","author_link":"https:\/\/labohemekabak.com\/en\/author\/admin-2\/"},"uagb_comment_info":0,"uagb_excerpt":"Activities Scroll down YOGA PLATFORM Our yoga platform, surrounded by trees and offering a magnificent view, will make you want to spend hours here! Whether you&#8217;re doing exercises or practicing meditation, our yoga platform will enchant you. FULL MOON PARTIES As the sun sets, La Boheme Kabak becomes even more enchanting. Our Full Moon Parties&hellip;","_links":{"self":[{"href":"https:\/\/labohemekabak.com\/en\/wp-json\/wp\/v2\/pages\/1927","targetHints":{"allow":["GET"]}}],"collection":[{"href":"https:\/\/labohemekabak.com\/en\/wp-json\/wp\/v2\/pages"}],"about":[{"href":"https:\/\/labohemekabak.com\/en\/wp-json\/wp\/v2\/types\/page"}],"author":[{"embeddable":true,"href":"https:\/\/labohemekabak.com\/en\/wp-json\/wp\/v2\/users\/2"}],"replies":[{"embeddable":true,"href":"https:\/\/labohemekabak.com\/en\/wp-json\/wp\/v2\/comments?post=1927"}],"version-history":[{"count":1,"href":"https:\/\/labohemekabak.com\/en\/wp-json\/wp\/v2\/pages\/1927\/revisions"}],"predecessor-version":[{"id":1928,"href":"https:\/\/labohemekabak.com\/en\/wp-json\/wp\/v2\/pages\/1927\/revisions\/1928"}],"wp:attachment":[{"href":"https:\/\/labohemekabak.com\/en\/wp-json\/wp\/v2\/media?parent=1927"}],"curies":[{"name":"wp","href":"https:\/\/api.w.org\/{rel}","templated":true}]}}